{"id":2157,"date":"2023-07-03T06:12:32","date_gmt":"2023-07-03T06:12:32","guid":{"rendered":"https:\/\/anno1911.de\/?page_id=2157"},"modified":"2024-09-30T06:31:59","modified_gmt":"2024-09-30T06:31:59","slug":"kueche","status":"publish","type":"page","link":"https:\/\/anno1911.de\/en\/anno1911-ferienwohnung-mit-fachwerkcharme\/kueche","title":{"rendered":"Kitchen"},"content":{"rendered":"\t\t<div data-elementor-type=\"wp-page\" data-elementor-id=\"2157\" class=\"elementor elementor-2157\">\n\t\t\t\t\t\t<section class=\"elementor-section elementor-top-section elementor-element elementor-element-21e391a elementor-section-boxed elementor-section-height-default elementor-section-height-default\" data-id=\"21e391a\" data-element_type=\"section\" data-e-type=\"section\">\n\t\t\t\t\t\t<div class=\"elementor-container elementor-column-gap-default\">\n\t\t\t\t\t<div class=\"elementor-column elementor-col-100 elementor-top-column elementor-element elementor-element-9dc3c1a\" data-id=\"9dc3c1a\" data-element_type=\"column\" data-e-type=\"column\">\n\t\t\t<div class=\"elementor-widget-wrap\">\n\t\t\t\t\t\t\t<\/div>\n\t\t<\/div>\n\t\t\t\t\t<\/div>\n\t\t<\/section>\n\t\t\t\t<section class=\"elementor-section elementor-top-section elementor-element elementor-element-1e0550f elementor-section-boxed elementor-section-height-default elementor-section-height-default\" data-id=\"1e0550f\" data-element_type=\"section\" data-e-type=\"section\">\n\t\t\t\t\t\t<div class=\"elementor-container elementor-column-gap-default\">\n\t\t\t\t\t<div class=\"elementor-column elementor-col-100 elementor-top-column elementor-element elementor-element-5632662\" data-id=\"5632662\" data-element_type=\"column\" data-e-type=\"column\">\n\t\t\t<div class=\"elementor-widget-wrap elementor-element-populated\">\n\t\t\t\t\t\t<div class=\"elementor-element elementor-element-614a479 elementor-invisible elementor-widget elementor-widget-image\" data-id=\"614a479\" data-element_type=\"widget\" data-e-type=\"widget\" data-settings=\"{&quot;_animation&quot;:&quot;fadeInLeft&quot;}\" data-widget_type=\"image.default\">\n\t\t\t\t<div class=\"elementor-widget-container\">\n\t\t\t\t\t\t\t\t\t\t\t\t\t\t\t<img fetchpriority=\"high\" decoding=\"async\" width=\"1024\" height=\"685\" src=\"https:\/\/anno1911.de\/wp-content\/uploads\/2023\/11\/DSC_5538-1024x685.jpg\" class=\"attachment-large size-large wp-image-2375\" alt=\"\" srcset=\"https:\/\/anno1911.de\/wp-content\/uploads\/2023\/11\/DSC_5538-1024x685.jpg 1024w, https:\/\/anno1911.de\/wp-content\/uploads\/2023\/11\/DSC_5538-300x201.jpg 300w, https:\/\/anno1911.de\/wp-content\/uploads\/2023\/11\/DSC_5538-768x514.jpg 768w, https:\/\/anno1911.de\/wp-content\/uploads\/2023\/11\/DSC_5538-1536x1028.jpg 1536w, https:\/\/anno1911.de\/wp-content\/uploads\/2023\/11\/DSC_5538-2048x1371.jpg 2048w\" sizes=\"(max-width: 1024px) 100vw, 1024px\" \/>\t\t\t\t\t\t\t\t\t\t\t\t\t\t\t<\/div>\n\t\t\t\t<\/div>\n\t\t\t\t<div class=\"elementor-element elementor-element-6548c1f elementor-invisible elementor-widget elementor-widget-text-editor\" data-id=\"6548c1f\" data-element_type=\"widget\" data-e-type=\"widget\" data-settings=\"{&quot;_animation&quot;:&quot;fadeInRight&quot;}\" data-widget_type=\"text-editor.default\">\n\t\t\t\t<div class=\"elementor-widget-container\">\n\t\t\t\t\t\t\t\t\t<p>die K\u00fcche wurde im Oktober 2023 komplett unter Nutzung vieler \u00f6kologischer Baumaterialien sorgsam renoviert.<\/p><p>Sie bietet Platz und Ausstattung f\u00fcr 4 Personen und hat f\u00fcr eine Ferienwohnung eine umfassende Ausstattung:<\/p><ul><li>Gro\u00dfer K\u00fchlschrank mit zwei separatem ger\u00e4umigen Gefrierf\u00e4chern<\/li><li>Gro\u00dfer Geschirrsp\u00fchler<\/li><li>Moderner Herd mit Induktions Ceranfeld &amp; Backofen<\/li><li>Geschirr &amp; Kochutensilien<\/li><li>Fu\u00dfboden aus ge\u00f6lter Echtholzdiele aus heimischer Eiche<\/li><li>Lehmwandheizung<\/li><\/ul><p>\u00a0<\/p>\t\t\t\t\t\t\t\t<\/div>\n\t\t\t\t<\/div>\n\t\t\t\t\t<\/div>\n\t\t<\/div>\n\t\t\t\t\t<\/div>\n\t\t<\/section>\n\t\t\t\t<section class=\"elementor-section elementor-top-section elementor-element elementor-element-c7958ca elementor-section-boxed elementor-section-height-default elementor-section-height-default\" data-id=\"c7958ca\" data-element_type=\"section\" data-e-type=\"section\">\n\t\t\t\t\t\t<div class=\"elementor-container elementor-column-gap-default\">\n\t\t\t\t\t<div class=\"elementor-column elementor-col-100 elementor-top-column elementor-element elementor-element-3fad321\" data-id=\"3fad321\" data-element_type=\"column\" data-e-type=\"column\">\n\t\t\t<div class=\"elementor-widget-wrap elementor-element-populated\">\n\t\t\t\t\t\t<div class=\"elementor-element elementor-element-d459222 elementor-invisible elementor-widget elementor-widget-image\" data-id=\"d459222\" data-element_type=\"widget\" data-e-type=\"widget\" data-settings=\"{&quot;_animation&quot;:&quot;fadeInLeft&quot;}\" data-widget_type=\"image.default\">\n\t\t\t\t<div class=\"elementor-widget-container\">\n\t\t\t\t\t\t\t\t\t\t\t\t\t\t\t<img decoding=\"async\" width=\"1024\" height=\"685\" src=\"https:\/\/anno1911.de\/wp-content\/uploads\/2023\/11\/DSC_5545-1024x685.jpg\" class=\"attachment-large size-large wp-image-2379\" alt=\"\" srcset=\"https:\/\/anno1911.de\/wp-content\/uploads\/2023\/11\/DSC_5545-1024x685.jpg 1024w, https:\/\/anno1911.de\/wp-content\/uploads\/2023\/11\/DSC_5545-300x201.jpg 300w, https:\/\/anno1911.de\/wp-content\/uploads\/2023\/11\/DSC_5545-768x514.jpg 768w, https:\/\/anno1911.de\/wp-content\/uploads\/2023\/11\/DSC_5545-1536x1028.jpg 1536w, https:\/\/anno1911.de\/wp-content\/uploads\/2023\/11\/DSC_5545-2048x1371.jpg 2048w\" sizes=\"(max-width: 1024px) 100vw, 1024px\" \/>\t\t\t\t\t\t\t\t\t\t\t\t\t\t\t<\/div>\n\t\t\t\t<\/div>\n\t\t\t\t\t<\/div>\n\t\t<\/div>\n\t\t\t\t\t<\/div>\n\t\t<\/section>\n\t\t\t\t<section class=\"elementor-section elementor-top-section elementor-element elementor-element-3e75fce elementor-section-boxed elementor-section-height-default elementor-section-height-default\" data-id=\"3e75fce\" data-element_type=\"section\" data-e-type=\"section\">\n\t\t\t\t\t\t<div class=\"elementor-container elementor-column-gap-default\">\n\t\t\t\t\t<div class=\"elementor-column elementor-col-100 elementor-top-column elementor-element elementor-element-38820b3\" data-id=\"38820b3\" data-element_type=\"column\" data-e-type=\"column\">\n\t\t\t<div class=\"elementor-widget-wrap elementor-element-populated\">\n\t\t\t\t\t\t<div class=\"elementor-element elementor-element-b90731a elementor-invisible elementor-widget elementor-widget-text-editor\" data-id=\"b90731a\" data-element_type=\"widget\" data-e-type=\"widget\" data-settings=\"{&quot;_animation&quot;:&quot;fadeInRight&quot;}\" data-widget_type=\"text-editor.default\">\n\t\t\t\t<div class=\"elementor-widget-container\">\n\t\t\t\t\t\t\t\t\t<p>F\u00fcr Kaffee- &amp; Teegenuss verf\u00fcgt die K\u00fcche \u00fcber<\/p><ul><li>einen <strong>Hei\u00dfwasserkocher &amp; kleine Teeauswahl<\/strong><\/li><li>eine sch\u00f6ne <strong>Teekanne mit Teetassen<\/strong> f\u00fcr sch\u00f6nen Teegenuss<\/li><li>eine <strong>FrenchPress<\/strong> f\u00fcr die &#8216;Franzosen unter den Kaffetrinkern&#8217;<\/li><li>eine <strong>&#8220;Espressokocher&#8221;<\/strong> f\u00fcr die &#8220;Italiener unter den G\u00e4sten&#8221;<\/li><li>eine <strong>Kaffeemaschine<\/strong> f\u00fcr die Traditioalisten und<\/li><li>und einen <strong>Kaffeefilteraufsatz<\/strong> zum normalen Aufbr\u00fchen mittels manueller Hei\u00dfwasserzufuhr<\/li><\/ul><p>Dar\u00fcber hinaus verf\u00fcgt die K\u00fcche \u00fcber folgende Grundausstattung:<\/p><ul><li>Salz &amp; Pfeffer<\/li><li>viele weitere Gew\u00fcrze<\/li><li>Mehl &amp; Zucker<\/li><li>Geschirrsp\u00fchlmittel &amp; Sp\u00fchlmitten f\u00fcr die Handsp\u00fchle<\/li><li>Geschirrhandt\u00fccher (w\u00f6chentlicher Wechsel)<\/li><\/ul><div>Im Sommer spenden die Lehmw\u00e4nde der K\u00fcche eine angenehm k\u00fchle Raumluft &#8211; im Winter ist ein Platz vor der in der Lehmwand befindlichen Wandheizung wie ein Platz vor dem Kachelofen &#8211; kuschelig warm.<\/div>\t\t\t\t\t\t\t\t<\/div>\n\t\t\t\t<\/div>\n\t\t\t\t\t<\/div>\n\t\t<\/div>\n\t\t\t\t\t<\/div>\n\t\t<\/section>\n\t\t\t\t<section class=\"elementor-section elementor-top-section elementor-element elementor-element-86a3a7f elementor-section-boxed elementor-section-height-default elementor-section-height-default\" data-id=\"86a3a7f\" data-element_type=\"section\" data-e-type=\"section\">\n\t\t\t\t\t\t<div class=\"elementor-container elementor-column-gap-default\">\n\t\t\t\t\t<div class=\"elementor-column elementor-col-100 elementor-top-column elementor-element elementor-element-858d4dc\" data-id=\"858d4dc\" data-element_type=\"column\" data-e-type=\"column\">\n\t\t\t<div class=\"elementor-widget-wrap elementor-element-populated\">\n\t\t\t\t\t\t<div class=\"elementor-element elementor-element-9ff4d3c elementor-widget elementor-widget-wp-widget-media_gallery\" data-id=\"9ff4d3c\" data-element_type=\"widget\" data-e-type=\"widget\" data-widget_type=\"wp-widget-media_gallery.default\">\n\t\t\t\t<div class=\"elementor-widget-container\">\n\t\t\t\t\t\n\t\t<style type=\"text\/css\">\n\t\t\t#gallery-1 {\n\t\t\t\tmargin: auto;\n\t\t\t}\n\t\t\t#gallery-1 .gallery-item {\n\t\t\t\tfloat: left;\n\t\t\t\tmargin-top: 10px;\n\t\t\t\ttext-align: center;\n\t\t\t\twidth: 33%;\n\t\t\t}\n\t\t\t#gallery-1 img {\n\t\t\t\tborder: 2px solid #cfcfcf;\n\t\t\t}\n\t\t\t#gallery-1 .gallery-caption {\n\t\t\t\tmargin-left: 0;\n\t\t\t}\n\t\t\t\/* see gallery_shortcode() in wp-includes\/media.php *\/\n\t\t<\/style>\n\t\t<div id='gallery-1' class='gallery galleryid-2157 gallery-columns-3 gallery-size-thumbnail'><dl class='gallery-item'>\n\t\t\t<dt class='gallery-icon landscape'>\n\t\t\t\t<a data-elementor-open-lightbox=\"yes\" data-elementor-lightbox-slideshow=\"9ff4d3c\" data-elementor-lightbox-title=\"DSC_5541\" data-e-action-hash=\"#elementor-action%3Aaction%3Dlightbox%26settings%3DeyJpZCI6MjM3NywidXJsIjoiaHR0cHM6XC9cL2Fubm8xOTExLmRlXC93cC1jb250ZW50XC91cGxvYWRzXC8yMDIzXC8xMVwvRFNDXzU1NDEtc2NhbGVkLmpwZyIsInNsaWRlc2hvdyI6IjlmZjRkM2MifQ%3D%3D\" class=\"thumbnail\" href='https:\/\/anno1911.de\/wp-content\/uploads\/2023\/11\/DSC_5541-scaled.jpg'><img decoding=\"async\" width=\"150\" height=\"150\" src=\"https:\/\/anno1911.de\/wp-content\/uploads\/2023\/11\/DSC_5541-150x150.jpg\" class=\"attachment-thumbnail size-thumbnail\" alt=\"\" \/><\/a>\n\t\t\t<\/dt><\/dl><dl class='gallery-item'>\n\t\t\t<dt class='gallery-icon landscape'>\n\t\t\t\t<a data-elementor-open-lightbox=\"yes\" data-elementor-lightbox-slideshow=\"9ff4d3c\" data-elementor-lightbox-title=\"DSC_5539\" data-e-action-hash=\"#elementor-action%3Aaction%3Dlightbox%26settings%3DeyJpZCI6MjM3NiwidXJsIjoiaHR0cHM6XC9cL2Fubm8xOTExLmRlXC93cC1jb250ZW50XC91cGxvYWRzXC8yMDIzXC8xMVwvRFNDXzU1Mzktc2NhbGVkLmpwZyIsInNsaWRlc2hvdyI6IjlmZjRkM2MifQ%3D%3D\" class=\"thumbnail\" href='https:\/\/anno1911.de\/wp-content\/uploads\/2023\/11\/DSC_5539-scaled.jpg'><img loading=\"lazy\" decoding=\"async\" width=\"150\" height=\"150\" src=\"https:\/\/anno1911.de\/wp-content\/uploads\/2023\/11\/DSC_5539-150x150.jpg\" class=\"attachment-thumbnail size-thumbnail\" alt=\"\" srcset=\"https:\/\/anno1911.de\/wp-content\/uploads\/2023\/11\/DSC_5539-150x150.jpg 150w, https:\/\/anno1911.de\/wp-content\/uploads\/2023\/11\/DSC_5539-scaled-600x600.jpg 600w, https:\/\/anno1911.de\/wp-content\/uploads\/2023\/11\/DSC_5539-scaled-300x300.jpg 300w\" sizes=\"(max-width: 150px) 100vw, 150px\" \/><\/a>\n\t\t\t<\/dt><\/dl><dl class='gallery-item'>\n\t\t\t<dt class='gallery-icon landscape'>\n\t\t\t\t<a data-elementor-open-lightbox=\"yes\" data-elementor-lightbox-slideshow=\"9ff4d3c\" data-elementor-lightbox-title=\"DSC_5538\" data-e-action-hash=\"#elementor-action%3Aaction%3Dlightbox%26settings%3DeyJpZCI6MjM3NSwidXJsIjoiaHR0cHM6XC9cL2Fubm8xOTExLmRlXC93cC1jb250ZW50XC91cGxvYWRzXC8yMDIzXC8xMVwvRFNDXzU1Mzgtc2NhbGVkLmpwZyIsInNsaWRlc2hvdyI6IjlmZjRkM2MifQ%3D%3D\" class=\"thumbnail\" href='https:\/\/anno1911.de\/wp-content\/uploads\/2023\/11\/DSC_5538-scaled.jpg'><img loading=\"lazy\" decoding=\"async\" width=\"150\" height=\"150\" src=\"https:\/\/anno1911.de\/wp-content\/uploads\/2023\/11\/DSC_5538-150x150.jpg\" class=\"attachment-thumbnail size-thumbnail\" alt=\"\" \/><\/a>\n\t\t\t<\/dt><\/dl><br style=\"clear: both\" \/>\n\t\t<\/div>\n\t\t\t\t<\/div>\n\t\t\t\t<\/div>\n\t\t\t\t\t<\/div>\n\t\t<\/div>\n\t\t\t\t\t<\/div>\n\t\t<\/section>\n\t\t\t\t<\/div>\n\t\t","protected":false},"excerpt":{"rendered":"<p>die K\u00fcche wurde im Oktober 2023 komplett unter Nutzung vieler \u00f6kologischer Baumaterialien sorgsam renoviert. Sie bietet Platz und Ausstattung f\u00fcr 4 Personen und hat f\u00fcr eine Ferienwohnung eine umfassende Ausstattung: Gro\u00dfer K\u00fchlschrank mit zwei separatem ger\u00e4umigen Gefrierf\u00e4chern Gro\u00dfer Geschirrsp\u00fchler Moderner &hellip; <a href=\"https:\/\/anno1911.de\/en\/anno1911-ferienwohnung-mit-fachwerkcharme\/kueche\">Continued<\/a><\/p>\n","protected":false},"author":1,"featured_media":0,"parent":353,"menu_order":0,"comment_status":"closed","ping_status":"closed","template":"elementor_header_footer","meta":{"footnotes":""},"class_list":["post-2157","page","type-page","status-publish","hentry"],"translation":{"provider":"WPGlobus","version":"3.0.2","language":"en","enabled_languages":["de","en"],"languages":{"de":{"title":true,"content":true,"excerpt":false},"en":{"title":true,"content":false,"excerpt":false}}},"yoast_head":"<!-- This site is optimized with the Yoast SEO plugin v27.4 - https:\/\/yoast.com\/product\/yoast-seo-wordpress\/ -->\n<title>Kitchen - ANNO 1911<\/title>\n<meta name=\"robots\" content=\"index, follow, max-snippet:-1, max-image-preview:large, max-video-preview:-1\" \/>\n<link rel=\"canonical\" href=\"https:\/\/anno1911.de\/anno1911-ferienwohnung-mit-fachwerkcharme\/kueche\" \/>\n<script type=\"application\/ld+json\" class=\"yoast-schema-graph\">{\"@context\":\"https:\\\/\\\/schema.org\",\"@graph\":[{\"@type\":\"WebPage\",\"@id\":\"https:\\\/\\\/anno1911.de\\\/anno1911-ferienwohnung-mit-fachwerkcharme\\\/kueche\",\"url\":\"https:\\\/\\\/anno1911.de\\\/anno1911-ferienwohnung-mit-fachwerkcharme\\\/kueche\",\"name\":\"Kitchen - ANNO 1911\",\"isPartOf\":{\"@id\":\"https:\\\/\\\/anno1911.de\\\/#website\"},\"primaryImageOfPage\":{\"@id\":\"https:\\\/\\\/anno1911.de\\\/anno1911-ferienwohnung-mit-fachwerkcharme\\\/kueche#primaryimage\"},\"image\":{\"@id\":\"https:\\\/\\\/anno1911.de\\\/anno1911-ferienwohnung-mit-fachwerkcharme\\\/kueche#primaryimage\"},\"thumbnailUrl\":\"https:\\\/\\\/anno1911.de\\\/wp-content\\\/uploads\\\/2023\\\/11\\\/DSC_5538-1024x685.jpg\",\"datePublished\":\"2023-07-03T06:12:32+00:00\",\"dateModified\":\"2024-09-30T06:31:59+00:00\",\"description\":\"Die K\u00fcche der Ferienwohnung verf\u00fcgt \u00fcber Geschirrsp\u00fchler, Ceranfeld, Herd, Microwelle sowie reichhaltiger Ausstattung f\u00fcr 4 Personen\",\"breadcrumb\":{\"@id\":\"https:\\\/\\\/anno1911.de\\\/anno1911-ferienwohnung-mit-fachwerkcharme\\\/kueche#breadcrumb\"},\"inLanguage\":\"en-US\",\"potentialAction\":[{\"@type\":\"ReadAction\",\"target\":[\"https:\\\/\\\/anno1911.de\\\/anno1911-ferienwohnung-mit-fachwerkcharme\\\/kueche\"]}]},{\"@type\":\"ImageObject\",\"inLanguage\":\"en-US\",\"@id\":\"https:\\\/\\\/anno1911.de\\\/anno1911-ferienwohnung-mit-fachwerkcharme\\\/kueche#primaryimage\",\"url\":\"https:\\\/\\\/anno1911.de\\\/wp-content\\\/uploads\\\/2023\\\/11\\\/DSC_5538-1024x685.jpg\",\"contentUrl\":\"https:\\\/\\\/anno1911.de\\\/wp-content\\\/uploads\\\/2023\\\/11\\\/DSC_5538-1024x685.jpg\"},{\"@type\":\"BreadcrumbList\",\"@id\":\"https:\\\/\\\/anno1911.de\\\/anno1911-ferienwohnung-mit-fachwerkcharme\\\/kueche#breadcrumb\",\"itemListElement\":[{\"@type\":\"ListItem\",\"position\":1,\"name\":\"Startseite\",\"item\":\"https:\\\/\\\/anno1911.de\\\/\"},{\"@type\":\"ListItem\",\"position\":2,\"name\":\"ANNO1911 &#8211; Ferienwohnung mit Fachwerkcharme\",\"item\":\"https:\\\/\\\/anno1911.de\\\/\"},{\"@type\":\"ListItem\",\"position\":3,\"name\":\"K\u00fcche\"}]},{\"@type\":\"WebSite\",\"@id\":\"https:\\\/\\\/anno1911.de\\\/#website\",\"url\":\"https:\\\/\\\/anno1911.de\\\/\",\"name\":\"ANNO 1911\",\"description\":\"Cozy framework holiday flat\",\"publisher\":{\"@id\":\"https:\\\/\\\/anno1911.de\\\/#organization\"},\"potentialAction\":[{\"@type\":\"SearchAction\",\"target\":{\"@type\":\"EntryPoint\",\"urlTemplate\":\"https:\\\/\\\/anno1911.de\\\/?s={search_term_string}\"},\"query-input\":{\"@type\":\"PropertyValueSpecification\",\"valueRequired\":true,\"valueName\":\"search_term_string\"}}],\"inLanguage\":\"en-US\"},{\"@type\":\"Organization\",\"@id\":\"https:\\\/\\\/anno1911.de\\\/#organization\",\"name\":\"ANNO 1911\",\"url\":\"https:\\\/\\\/anno1911.de\\\/\",\"logo\":{\"@type\":\"ImageObject\",\"inLanguage\":\"en-US\",\"@id\":\"https:\\\/\\\/anno1911.de\\\/#\\\/schema\\\/logo\\\/image\\\/\",\"url\":\"https:\\\/\\\/anno1911.de\\\/wp-content\\\/uploads\\\/2023\\\/02\\\/Anno1911_Favicon.jpg\",\"contentUrl\":\"https:\\\/\\\/anno1911.de\\\/wp-content\\\/uploads\\\/2023\\\/02\\\/Anno1911_Favicon.jpg\",\"width\":300,\"height\":300,\"caption\":\"ANNO 1911\"},\"image\":{\"@id\":\"https:\\\/\\\/anno1911.de\\\/#\\\/schema\\\/logo\\\/image\\\/\"}}]}<\/script>\n<!-- \/ Yoast SEO plugin. -->","yoast_head_json":{"title":"Kitchen - ANNO 1911","robots":{"index":"index","follow":"follow","max-snippet":"max-snippet:-1","max-image-preview":"max-image-preview:large","max-video-preview":"max-video-preview:-1"},"canonical":"https:\/\/anno1911.de\/anno1911-ferienwohnung-mit-fachwerkcharme\/kueche","schema":{"@context":"https:\/\/schema.org","@graph":[{"@type":"WebPage","@id":"https:\/\/anno1911.de\/anno1911-ferienwohnung-mit-fachwerkcharme\/kueche","url":"https:\/\/anno1911.de\/anno1911-ferienwohnung-mit-fachwerkcharme\/kueche","name":"Kitchen - ANNO 1911","isPartOf":{"@id":"https:\/\/anno1911.de\/#website"},"primaryImageOfPage":{"@id":"https:\/\/anno1911.de\/anno1911-ferienwohnung-mit-fachwerkcharme\/kueche#primaryimage"},"image":{"@id":"https:\/\/anno1911.de\/anno1911-ferienwohnung-mit-fachwerkcharme\/kueche#primaryimage"},"thumbnailUrl":"https:\/\/anno1911.de\/wp-content\/uploads\/2023\/11\/DSC_5538-1024x685.jpg","datePublished":"2023-07-03T06:12:32+00:00","dateModified":"2024-09-30T06:31:59+00:00","description":"Die K\u00fcche der Ferienwohnung verf\u00fcgt \u00fcber Geschirrsp\u00fchler, Ceranfeld, Herd, Microwelle sowie reichhaltiger Ausstattung f\u00fcr 4 Personen","breadcrumb":{"@id":"https:\/\/anno1911.de\/anno1911-ferienwohnung-mit-fachwerkcharme\/kueche#breadcrumb"},"inLanguage":"en-US","potentialAction":[{"@type":"ReadAction","target":["https:\/\/anno1911.de\/anno1911-ferienwohnung-mit-fachwerkcharme\/kueche"]}]},{"@type":"ImageObject","inLanguage":"en-US","@id":"https:\/\/anno1911.de\/anno1911-ferienwohnung-mit-fachwerkcharme\/kueche#primaryimage","url":"https:\/\/anno1911.de\/wp-content\/uploads\/2023\/11\/DSC_5538-1024x685.jpg","contentUrl":"https:\/\/anno1911.de\/wp-content\/uploads\/2023\/11\/DSC_5538-1024x685.jpg"},{"@type":"BreadcrumbList","@id":"https:\/\/anno1911.de\/anno1911-ferienwohnung-mit-fachwerkcharme\/kueche#breadcrumb","itemListElement":[{"@type":"ListItem","position":1,"name":"Startseite","item":"https:\/\/anno1911.de\/"},{"@type":"ListItem","position":2,"name":"ANNO1911 &#8211; Ferienwohnung mit Fachwerkcharme","item":"https:\/\/anno1911.de\/"},{"@type":"ListItem","position":3,"name":"K\u00fcche"}]},{"@type":"WebSite","@id":"https:\/\/anno1911.de\/#website","url":"https:\/\/anno1911.de\/","name":"ANNO 1911","description":"Cozy framework holiday flat","publisher":{"@id":"https:\/\/anno1911.de\/#organization"},"potentialAction":[{"@type":"SearchAction","target":{"@type":"EntryPoint","urlTemplate":"https:\/\/anno1911.de\/?s={search_term_string}"},"query-input":{"@type":"PropertyValueSpecification","valueRequired":true,"valueName":"search_term_string"}}],"inLanguage":"en-US"},{"@type":"Organization","@id":"https:\/\/anno1911.de\/#organization","name":"ANNO 1911","url":"https:\/\/anno1911.de\/","logo":{"@type":"ImageObject","inLanguage":"en-US","@id":"https:\/\/anno1911.de\/#\/schema\/logo\/image\/","url":"https:\/\/anno1911.de\/wp-content\/uploads\/2023\/02\/Anno1911_Favicon.jpg","contentUrl":"https:\/\/anno1911.de\/wp-content\/uploads\/2023\/02\/Anno1911_Favicon.jpg","width":300,"height":300,"caption":"ANNO 1911"},"image":{"@id":"https:\/\/anno1911.de\/#\/schema\/logo\/image\/"}}]}},"_links":{"self":[{"href":"https:\/\/anno1911.de\/en\/wp-json\/wp\/v2\/pages\/2157","targetHints":{"allow":["GET"]}}],"collection":[{"href":"https:\/\/anno1911.de\/en\/wp-json\/wp\/v2\/pages"}],"about":[{"href":"https:\/\/anno1911.de\/en\/wp-json\/wp\/v2\/types\/page"}],"author":[{"embeddable":true,"href":"https:\/\/anno1911.de\/en\/wp-json\/wp\/v2\/users\/1"}],"replies":[{"embeddable":true,"href":"https:\/\/anno1911.de\/en\/wp-json\/wp\/v2\/comments?post=2157"}],"version-history":[{"count":21,"href":"https:\/\/anno1911.de\/en\/wp-json\/wp\/v2\/pages\/2157\/revisions"}],"predecessor-version":[{"id":2464,"href":"https:\/\/anno1911.de\/en\/wp-json\/wp\/v2\/pages\/2157\/revisions\/2464"}],"up":[{"embeddable":true,"href":"https:\/\/anno1911.de\/en\/wp-json\/wp\/v2\/pages\/353"}],"wp:attachment":[{"href":"https:\/\/anno1911.de\/en\/wp-json\/wp\/v2\/media?parent=2157"}],"curies":[{"name":"wp","href":"https:\/\/api.w.org\/{rel}","templated":true}]}}