{"id":2166,"date":"2023-07-03T07:07:36","date_gmt":"2023-07-03T07:07:36","guid":{"rendered":"https:\/\/anno1911.de\/?page_id=2166"},"modified":"2024-12-24T14:50:11","modified_gmt":"2024-12-24T14:50:11","slug":"badezimmer","status":"publish","type":"page","link":"https:\/\/anno1911.de\/en\/anno1911-ferienwohnung-mit-fachwerkcharme\/badezimmer","title":{"rendered":"Bath"},"content":{"rendered":"\t\t<div data-elementor-type=\"wp-page\" data-elementor-id=\"2166\" class=\"elementor elementor-2166\">\n\t\t\t\t\t\t<section class=\"elementor-section elementor-top-section elementor-element elementor-element-0621502 elementor-section-boxed elementor-section-height-default elementor-section-height-default\" data-id=\"0621502\" data-element_type=\"section\" data-e-type=\"section\">\n\t\t\t\t\t\t<div class=\"elementor-container elementor-column-gap-default\">\n\t\t\t\t\t<div class=\"elementor-column elementor-col-100 elementor-top-column elementor-element elementor-element-6d8b2ef\" data-id=\"6d8b2ef\" data-element_type=\"column\" data-e-type=\"column\">\n\t\t\t<div class=\"elementor-widget-wrap elementor-element-populated\">\n\t\t\t\t\t\t<div class=\"elementor-element elementor-element-a6166c4 elementor-invisible elementor-widget elementor-widget-image\" data-id=\"a6166c4\" data-element_type=\"widget\" data-e-type=\"widget\" data-settings=\"{&quot;_animation&quot;:&quot;fadeInDown&quot;}\" data-widget_type=\"image.default\">\n\t\t\t\t<div class=\"elementor-widget-container\">\n\t\t\t\t\t\t\t\t\t\t\t\t\t\t\t<img fetchpriority=\"high\" decoding=\"async\" width=\"1024\" height=\"686\" src=\"https:\/\/anno1911.de\/wp-content\/uploads\/2023\/02\/DSC_5040_web-1024x686.jpg\" class=\"attachment-large size-large wp-image-864\" alt=\"\" srcset=\"https:\/\/anno1911.de\/wp-content\/uploads\/2023\/02\/DSC_5040_web-1024x686.jpg 1024w, https:\/\/anno1911.de\/wp-content\/uploads\/2023\/02\/DSC_5040_web-300x201.jpg 300w, https:\/\/anno1911.de\/wp-content\/uploads\/2023\/02\/DSC_5040_web-768x514.jpg 768w, https:\/\/anno1911.de\/wp-content\/uploads\/2023\/02\/DSC_5040_web-1536x1028.jpg 1536w, https:\/\/anno1911.de\/wp-content\/uploads\/2023\/02\/DSC_5040_web.jpg 2048w\" sizes=\"(max-width: 1024px) 100vw, 1024px\" \/>\t\t\t\t\t\t\t\t\t\t\t\t\t\t\t<\/div>\n\t\t\t\t<\/div>\n\t\t\t\t\t<\/div>\n\t\t<\/div>\n\t\t\t\t\t<\/div>\n\t\t<\/section>\n\t\t\t\t<section class=\"elementor-section elementor-top-section elementor-element elementor-element-fcd6a68 elementor-section-boxed elementor-section-height-default elementor-section-height-default\" data-id=\"fcd6a68\" data-element_type=\"section\" data-e-type=\"section\">\n\t\t\t\t\t\t<div class=\"elementor-container elementor-column-gap-default\">\n\t\t\t\t\t<div class=\"elementor-column elementor-col-100 elementor-top-column elementor-element elementor-element-dfe93a6\" data-id=\"dfe93a6\" data-element_type=\"column\" data-e-type=\"column\">\n\t\t\t<div class=\"elementor-widget-wrap elementor-element-populated\">\n\t\t\t\t\t\t<div class=\"elementor-element elementor-element-0bcaf4b elementor-invisible elementor-widget elementor-widget-text-editor\" data-id=\"0bcaf4b\" data-element_type=\"widget\" data-e-type=\"widget\" data-settings=\"{&quot;_animation&quot;:&quot;fadeInUp&quot;}\" data-widget_type=\"text-editor.default\">\n\t\t\t\t<div class=\"elementor-widget-container\">\n\t\t\t\t\t\t\t\t\t<p>Das Badezimmer bitetet auf gut 10m\u00b2 Fl\u00e4che viel Platz und Ger\u00e4umigkeit.<\/p><p>Die Badausstattung umfasst:<\/p><ul><li>Dusche<\/li><li>Waschbecken<\/li><li>Toilette<\/li><li>Badewanne<\/li><li>Waschmaschine<\/li><\/ul><p>Dar\u00fcber hinaus besteht viel Platz f\u00fcr Ihre Hygieneartikel sowie weitere Ausstattungsgegenst\u00e4nde:<\/p><ul><li>Stereoanlage<\/li><li>F\u00f6hn<\/li><li>Schmikspiege<\/li><\/ul><p>Je Person und Woche stellen wir ein Duschhandtuch und ein normales Handtuch zur Verf\u00fcgung.<\/p><p>Das Fenster erm\u00f6glicht zus\u00e4tzlich zum in der Dusche montierten L\u00fcfter eine gute Bel\u00fcftung des Badezimmers.<\/p>\t\t\t\t\t\t\t\t<\/div>\n\t\t\t\t<\/div>\n\t\t\t\t\t<\/div>\n\t\t<\/div>\n\t\t\t\t\t<\/div>\n\t\t<\/section>\n\t\t\t\t<section class=\"elementor-section elementor-top-section elementor-element elementor-element-dcd6294 elementor-section-boxed elementor-section-height-default elementor-section-height-default\" data-id=\"dcd6294\" data-element_type=\"section\" data-e-type=\"section\">\n\t\t\t\t\t\t<div class=\"elementor-container elementor-column-gap-default\">\n\t\t\t\t\t<div class=\"elementor-column elementor-col-100 elementor-top-column elementor-element elementor-element-e1a336d\" data-id=\"e1a336d\" data-element_type=\"column\" data-e-type=\"column\">\n\t\t\t<div class=\"elementor-widget-wrap elementor-element-populated\">\n\t\t\t\t\t\t<div class=\"elementor-element elementor-element-9a858cf elementor-invisible elementor-widget elementor-widget-wp-widget-media_gallery\" data-id=\"9a858cf\" data-element_type=\"widget\" data-e-type=\"widget\" data-settings=\"{&quot;_animation&quot;:&quot;fadeInUp&quot;}\" data-widget_type=\"wp-widget-media_gallery.default\">\n\t\t\t\t<div class=\"elementor-widget-container\">\n\t\t\t\t\t\n\t\t<style type=\"text\/css\">\n\t\t\t#gallery-1 {\n\t\t\t\tmargin: auto;\n\t\t\t}\n\t\t\t#gallery-1 .gallery-item {\n\t\t\t\tfloat: left;\n\t\t\t\tmargin-top: 10px;\n\t\t\t\ttext-align: center;\n\t\t\t\twidth: 25%;\n\t\t\t}\n\t\t\t#gallery-1 img {\n\t\t\t\tborder: 2px solid #cfcfcf;\n\t\t\t}\n\t\t\t#gallery-1 .gallery-caption {\n\t\t\t\tmargin-left: 0;\n\t\t\t}\n\t\t\t\/* see gallery_shortcode() in wp-includes\/media.php *\/\n\t\t<\/style>\n\t\t<div id='gallery-1' class='gallery galleryid-2166 gallery-columns-4 gallery-size-thumbnail'><dl class='gallery-item'>\n\t\t\t<dt class='gallery-icon landscape'>\n\t\t\t\t<a data-elementor-open-lightbox=\"yes\" data-elementor-lightbox-slideshow=\"9a858cf\" data-elementor-lightbox-title=\"Badezimmer - alles vorhanden?\" data-e-action-hash=\"#elementor-action%3Aaction%3Dlightbox%26settings%3DeyJpZCI6ODU2LCJ1cmwiOiJodHRwczpcL1wvYW5ubzE5MTEuZGVcL3dwLWNvbnRlbnRcL3VwbG9hZHNcLzIwMjNcLzAyXC9EU0NfNTAyMV93ZWIuanBnIiwic2xpZGVzaG93IjoiOWE4NThjZiJ9\" class=\"thumbnail\" href='https:\/\/anno1911.de\/wp-content\/uploads\/2023\/02\/DSC_5021_web.jpg'><img decoding=\"async\" width=\"150\" height=\"150\" src=\"https:\/\/anno1911.de\/wp-content\/uploads\/2023\/02\/DSC_5021_web-150x150.jpg\" class=\"attachment-thumbnail size-thumbnail\" alt=\"\" aria-describedby=\"gallery-1-856\" \/><\/a>\n\t\t\t<\/dt>\n\t\t\t\t<dd class='wp-caption-text gallery-caption' id='gallery-1-856'>\n\t\t\t\tBadewanne &#038; Waschmaschine\n\t\t\t\t<\/dd><\/dl><dl class='gallery-item'>\n\t\t\t<dt class='gallery-icon landscape'>\n\t\t\t\t<a data-elementor-open-lightbox=\"yes\" data-elementor-lightbox-slideshow=\"9a858cf\" data-elementor-lightbox-title=\"ANNO1911_Ferienwohnung_Nienst\u00e4dt_Bad_Frosch\" data-e-action-hash=\"#elementor-action%3Aaction%3Dlightbox%26settings%3DeyJpZCI6MjQ5MCwidXJsIjoiaHR0cHM6XC9cL2Fubm8xOTExLmRlXC93cC1jb250ZW50XC91cGxvYWRzXC8yMDI0XC8xMlwvQU5OTzE5MTFfRmVyaWVud29obnVuZ19OaWVuc3RhZWR0X0JhZF9Gcm9zY2gtc2NhbGVkLmpwZyIsInNsaWRlc2hvdyI6IjlhODU4Y2YifQ%3D%3D\" class=\"thumbnail\" href='https:\/\/anno1911.de\/wp-content\/uploads\/2024\/12\/ANNO1911_Ferienwohnung_Nienstaedt_Bad_Frosch-scaled.jpg'><img decoding=\"async\" width=\"150\" height=\"150\" src=\"https:\/\/anno1911.de\/wp-content\/uploads\/2024\/12\/ANNO1911_Ferienwohnung_Nienstaedt_Bad_Frosch-150x150.jpg\" class=\"attachment-thumbnail size-thumbnail\" alt=\"\" srcset=\"https:\/\/anno1911.de\/wp-content\/uploads\/2024\/12\/ANNO1911_Ferienwohnung_Nienstaedt_Bad_Frosch-150x150.jpg 150w, https:\/\/anno1911.de\/wp-content\/uploads\/2024\/12\/ANNO1911_Ferienwohnung_Nienstaedt_Bad_Frosch-scaled-600x600.jpg 600w, https:\/\/anno1911.de\/wp-content\/uploads\/2024\/12\/ANNO1911_Ferienwohnung_Nienstaedt_Bad_Frosch-scaled-300x300.jpg 300w\" sizes=\"(max-width: 150px) 100vw, 150px\" \/><\/a>\n\t\t\t<\/dt><\/dl><dl class='gallery-item'>\n\t\t\t<dt class='gallery-icon landscape'>\n\t\t\t\t<a data-elementor-open-lightbox=\"yes\" data-elementor-lightbox-slideshow=\"9a858cf\" data-elementor-lightbox-title=\"Badezimmer - gute Musik f\u00fcr&#039;s singen unter der Dusche gef\u00e4llig?\" data-e-action-hash=\"#elementor-action%3Aaction%3Dlightbox%26settings%3DeyJpZCI6ODYxLCJ1cmwiOiJodHRwczpcL1wvYW5ubzE5MTEuZGVcL3dwLWNvbnRlbnRcL3VwbG9hZHNcLzIwMjNcLzAyXC9EU0NfNTAzMV93ZWIuanBnIiwic2xpZGVzaG93IjoiOWE4NThjZiJ9\" class=\"thumbnail\" href='https:\/\/anno1911.de\/wp-content\/uploads\/2023\/02\/DSC_5031_web.jpg'><img loading=\"lazy\" decoding=\"async\" width=\"150\" height=\"150\" src=\"https:\/\/anno1911.de\/wp-content\/uploads\/2023\/02\/DSC_5031_web-150x150.jpg\" class=\"attachment-thumbnail size-thumbnail\" alt=\"\" aria-describedby=\"gallery-1-861\" \/><\/a>\n\t\t\t<\/dt>\n\t\t\t\t<dd class='wp-caption-text gallery-caption' id='gallery-1-861'>\n\t\t\t\tSingst du unter der Dusche?\n\t\t\t\t<\/dd><\/dl><dl class='gallery-item'>\n\t\t\t<dt class='gallery-icon landscape'>\n\t\t\t\t<a data-elementor-open-lightbox=\"yes\" data-elementor-lightbox-slideshow=\"9a858cf\" data-elementor-lightbox-title=\"Badezimmer - alles vorhanden?\" data-e-action-hash=\"#elementor-action%3Aaction%3Dlightbox%26settings%3DeyJpZCI6ODU4LCJ1cmwiOiJodHRwczpcL1wvYW5ubzE5MTEuZGVcL3dwLWNvbnRlbnRcL3VwbG9hZHNcLzIwMjNcLzAyXC9EU0NfNTAyNF93ZWIuanBnIiwic2xpZGVzaG93IjoiOWE4NThjZiJ9\" class=\"thumbnail\" href='https:\/\/anno1911.de\/wp-content\/uploads\/2023\/02\/DSC_5024_web.jpg'><img loading=\"lazy\" decoding=\"async\" width=\"150\" height=\"150\" src=\"https:\/\/anno1911.de\/wp-content\/uploads\/2023\/02\/DSC_5024_web-150x150.jpg\" class=\"attachment-thumbnail size-thumbnail\" alt=\"\" aria-describedby=\"gallery-1-858\" \/><\/a>\n\t\t\t<\/dt>\n\t\t\t\t<dd class='wp-caption-text gallery-caption' id='gallery-1-858'>\n\t\t\t\tSpieglein Spieglein\n\t\t\t\t<\/dd><\/dl><br style=\"clear: both\" \/><dl class='gallery-item'>\n\t\t\t<dt class='gallery-icon portrait'>\n\t\t\t\t<a data-elementor-open-lightbox=\"yes\" data-elementor-lightbox-slideshow=\"9a858cf\" data-elementor-lightbox-title=\"DSC_5025_web\" data-e-action-hash=\"#elementor-action%3Aaction%3Dlightbox%26settings%3DeyJpZCI6ODU5LCJ1cmwiOiJodHRwczpcL1wvYW5ubzE5MTEuZGVcL3dwLWNvbnRlbnRcL3VwbG9hZHNcLzIwMjNcLzAyXC9EU0NfNTAyNV93ZWIuanBnIiwic2xpZGVzaG93IjoiOWE4NThjZiJ9\" class=\"thumbnail\" href='https:\/\/anno1911.de\/wp-content\/uploads\/2023\/02\/DSC_5025_web.jpg'><img loading=\"lazy\" decoding=\"async\" width=\"150\" height=\"150\" src=\"https:\/\/anno1911.de\/wp-content\/uploads\/2023\/02\/DSC_5025_web-150x150.jpg\" class=\"attachment-thumbnail size-thumbnail\" alt=\"\" \/><\/a>\n\t\t\t<\/dt><\/dl><dl class='gallery-item'>\n\t\t\t<dt class='gallery-icon portrait'>\n\t\t\t\t<a data-elementor-open-lightbox=\"yes\" data-elementor-lightbox-slideshow=\"9a858cf\" data-elementor-lightbox-title=\"Badezimmer - ausreichend Spiegel, wenn man mal genauer hin  schauen m\u00f6chte\" data-e-action-hash=\"#elementor-action%3Aaction%3Dlightbox%26settings%3DeyJpZCI6ODYwLCJ1cmwiOiJodHRwczpcL1wvYW5ubzE5MTEuZGVcL3dwLWNvbnRlbnRcL3VwbG9hZHNcLzIwMjNcLzAyXC9EU0NfNTAyN193ZWItcm90YXRlZC5qcGciLCJzbGlkZXNob3ciOiI5YTg1OGNmIn0%3D\" class=\"thumbnail\" href='https:\/\/anno1911.de\/wp-content\/uploads\/2023\/02\/DSC_5027_web-rotated.jpg'><img loading=\"lazy\" decoding=\"async\" width=\"150\" height=\"150\" src=\"https:\/\/anno1911.de\/wp-content\/uploads\/2023\/02\/DSC_5027_web-150x150.jpg\" class=\"attachment-thumbnail size-thumbnail\" alt=\"\" aria-describedby=\"gallery-1-860\" \/><\/a>\n\t\t\t<\/dt>\n\t\t\t\t<dd class='wp-caption-text gallery-caption' id='gallery-1-860'>\n\t\t\t\tNahaufnahme?\n\t\t\t\t<\/dd><\/dl><dl class='gallery-item'>\n\t\t\t<dt class='gallery-icon landscape'>\n\t\t\t\t<a data-elementor-open-lightbox=\"yes\" data-elementor-lightbox-slideshow=\"9a858cf\" data-elementor-lightbox-title=\"ANNO1911_Ferienwohnung_Nienst\u00e4dt_Bad_Waschen\" data-e-action-hash=\"#elementor-action%3Aaction%3Dlightbox%26settings%3DeyJpZCI6MjQ5MSwidXJsIjoiaHR0cHM6XC9cL2Fubm8xOTExLmRlXC93cC1jb250ZW50XC91cGxvYWRzXC8yMDI0XC8xMlwvQU5OTzE5MTFfRmVyaWVud29obnVuZ19OaWVuc3RhZWR0X0JhZF9XYXNjaGVuLXNjYWxlZC5qcGciLCJzbGlkZXNob3ciOiI5YTg1OGNmIn0%3D\" class=\"thumbnail\" href='https:\/\/anno1911.de\/wp-content\/uploads\/2024\/12\/ANNO1911_Ferienwohnung_Nienstaedt_Bad_Waschen-scaled.jpg'><img loading=\"lazy\" decoding=\"async\" width=\"150\" height=\"150\" src=\"https:\/\/anno1911.de\/wp-content\/uploads\/2024\/12\/ANNO1911_Ferienwohnung_Nienstaedt_Bad_Waschen-150x150.jpg\" class=\"attachment-thumbnail size-thumbnail\" alt=\"\" srcset=\"https:\/\/anno1911.de\/wp-content\/uploads\/2024\/12\/ANNO1911_Ferienwohnung_Nienstaedt_Bad_Waschen-150x150.jpg 150w, https:\/\/anno1911.de\/wp-content\/uploads\/2024\/12\/ANNO1911_Ferienwohnung_Nienstaedt_Bad_Waschen-scaled-600x600.jpg 600w, https:\/\/anno1911.de\/wp-content\/uploads\/2024\/12\/ANNO1911_Ferienwohnung_Nienstaedt_Bad_Waschen-scaled-300x300.jpg 300w\" sizes=\"(max-width: 150px) 100vw, 150px\" \/><\/a>\n\t\t\t<\/dt><\/dl><dl class='gallery-item'>\n\t\t\t<dt class='gallery-icon landscape'>\n\t\t\t\t<a data-elementor-open-lightbox=\"yes\" data-elementor-lightbox-slideshow=\"9a858cf\" data-elementor-lightbox-title=\"Badezimmer - hier k\u00f6nnte dein Handtuch oder Bademantel h\u00e4ngen\" data-e-action-hash=\"#elementor-action%3Aaction%3Dlightbox%26settings%3DeyJpZCI6ODYzLCJ1cmwiOiJodHRwczpcL1wvYW5ubzE5MTEuZGVcL3dwLWNvbnRlbnRcL3VwbG9hZHNcLzIwMjNcLzAyXC9EU0NfNTAzNF93ZWIuanBnIiwic2xpZGVzaG93IjoiOWE4NThjZiJ9\" class=\"thumbnail\" href='https:\/\/anno1911.de\/wp-content\/uploads\/2023\/02\/DSC_5034_web.jpg'><img loading=\"lazy\" decoding=\"async\" width=\"150\" height=\"150\" src=\"https:\/\/anno1911.de\/wp-content\/uploads\/2023\/02\/DSC_5034_web-150x150.jpg\" class=\"attachment-thumbnail size-thumbnail\" alt=\"\" aria-describedby=\"gallery-1-863\" \/><\/a>\n\t\t\t<\/dt>\n\t\t\t\t<dd class='wp-caption-text gallery-caption' id='gallery-1-863'>\n\t\t\t\tf\u00fcr Badem\u00e4ntel\n\t\t\t\t<\/dd><\/dl><br style=\"clear: both\" \/>\n\t\t<\/div>\n\t\t\t\t<\/div>\n\t\t\t\t<\/div>\n\t\t\t\t\t<\/div>\n\t\t<\/div>\n\t\t\t\t\t<\/div>\n\t\t<\/section>\n\t\t\t\t<\/div>\n\t\t","protected":false},"excerpt":{"rendered":"<p>Das Badezimmer bitetet auf gut 10m\u00b2 Fl\u00e4che viel Platz und Ger\u00e4umigkeit. Die Badausstattung umfasst: Dusche Waschbecken Toilette Badewanne Waschmaschine Dar\u00fcber hinaus besteht viel Platz f\u00fcr Ihre Hygieneartikel sowie weitere Ausstattungsgegenst\u00e4nde: Stereoanlage F\u00f6hn Schmikspiege Je Person und Woche stellen wir ein &hellip; <a href=\"https:\/\/anno1911.de\/en\/anno1911-ferienwohnung-mit-fachwerkcharme\/badezimmer\">Continued<\/a><\/p>\n","protected":false},"author":1,"featured_media":0,"parent":353,"menu_order":0,"comment_status":"closed","ping_status":"closed","template":"elementor_header_footer","meta":{"footnotes":""},"class_list":["post-2166","page","type-page","status-publish","hentry"],"translation":{"provider":"WPGlobus","version":"3.0.2","language":"en","enabled_languages":["de","en"],"languages":{"de":{"title":true,"content":true,"excerpt":false},"en":{"title":true,"content":false,"excerpt":false}}},"yoast_head":"<!-- This site is optimized with the Yoast SEO plugin v27.4 - https:\/\/yoast.com\/product\/yoast-seo-wordpress\/ -->\n<title>Bath - ANNO 1911<\/title>\n<meta name=\"robots\" content=\"index, follow, max-snippet:-1, max-image-preview:large, max-video-preview:-1\" \/>\n<link rel=\"canonical\" href=\"https:\/\/anno1911.de\/anno1911-ferienwohnung-mit-fachwerkcharme\/badezimmer\" \/>\n<script type=\"application\/ld+json\" class=\"yoast-schema-graph\">{\"@context\":\"https:\\\/\\\/schema.org\",\"@graph\":[{\"@type\":\"WebPage\",\"@id\":\"https:\\\/\\\/anno1911.de\\\/anno1911-ferienwohnung-mit-fachwerkcharme\\\/badezimmer\",\"url\":\"https:\\\/\\\/anno1911.de\\\/anno1911-ferienwohnung-mit-fachwerkcharme\\\/badezimmer\",\"name\":\"Bath - ANNO 1911\",\"isPartOf\":{\"@id\":\"https:\\\/\\\/anno1911.de\\\/#website\"},\"primaryImageOfPage\":{\"@id\":\"https:\\\/\\\/anno1911.de\\\/anno1911-ferienwohnung-mit-fachwerkcharme\\\/badezimmer#primaryimage\"},\"image\":{\"@id\":\"https:\\\/\\\/anno1911.de\\\/anno1911-ferienwohnung-mit-fachwerkcharme\\\/badezimmer#primaryimage\"},\"thumbnailUrl\":\"https:\\\/\\\/anno1911.de\\\/wp-content\\\/uploads\\\/2023\\\/02\\\/DSC_5040_web-1024x686.jpg\",\"datePublished\":\"2023-07-03T07:07:36+00:00\",\"dateModified\":\"2024-12-24T14:50:11+00:00\",\"description\":\"Das Badezimmer in unserer Ferienwohnung bietet viel Platz und mit Dusche, separater Badewanne und Waschmaschine jeden ben\u00f6tigen Kompfort\",\"breadcrumb\":{\"@id\":\"https:\\\/\\\/anno1911.de\\\/anno1911-ferienwohnung-mit-fachwerkcharme\\\/badezimmer#breadcrumb\"},\"inLanguage\":\"en-US\",\"potentialAction\":[{\"@type\":\"ReadAction\",\"target\":[\"https:\\\/\\\/anno1911.de\\\/anno1911-ferienwohnung-mit-fachwerkcharme\\\/badezimmer\"]}]},{\"@type\":\"ImageObject\",\"inLanguage\":\"en-US\",\"@id\":\"https:\\\/\\\/anno1911.de\\\/anno1911-ferienwohnung-mit-fachwerkcharme\\\/badezimmer#primaryimage\",\"url\":\"https:\\\/\\\/anno1911.de\\\/wp-content\\\/uploads\\\/2023\\\/02\\\/DSC_5040_web-1024x686.jpg\",\"contentUrl\":\"https:\\\/\\\/anno1911.de\\\/wp-content\\\/uploads\\\/2023\\\/02\\\/DSC_5040_web-1024x686.jpg\"},{\"@type\":\"BreadcrumbList\",\"@id\":\"https:\\\/\\\/anno1911.de\\\/anno1911-ferienwohnung-mit-fachwerkcharme\\\/badezimmer#breadcrumb\",\"itemListElement\":[{\"@type\":\"ListItem\",\"position\":1,\"name\":\"Startseite\",\"item\":\"https:\\\/\\\/anno1911.de\\\/\"},{\"@type\":\"ListItem\",\"position\":2,\"name\":\"ANNO1911 &#8211; Ferienwohnung mit Fachwerkcharme\",\"item\":\"https:\\\/\\\/anno1911.de\\\/\"},{\"@type\":\"ListItem\",\"position\":3,\"name\":\"Badezimmer\"}]},{\"@type\":\"WebSite\",\"@id\":\"https:\\\/\\\/anno1911.de\\\/#website\",\"url\":\"https:\\\/\\\/anno1911.de\\\/\",\"name\":\"ANNO 1911\",\"description\":\"Cozy framework holiday flat\",\"publisher\":{\"@id\":\"https:\\\/\\\/anno1911.de\\\/#organization\"},\"potentialAction\":[{\"@type\":\"SearchAction\",\"target\":{\"@type\":\"EntryPoint\",\"urlTemplate\":\"https:\\\/\\\/anno1911.de\\\/?s={search_term_string}\"},\"query-input\":{\"@type\":\"PropertyValueSpecification\",\"valueRequired\":true,\"valueName\":\"search_term_string\"}}],\"inLanguage\":\"en-US\"},{\"@type\":\"Organization\",\"@id\":\"https:\\\/\\\/anno1911.de\\\/#organization\",\"name\":\"ANNO 1911\",\"url\":\"https:\\\/\\\/anno1911.de\\\/\",\"logo\":{\"@type\":\"ImageObject\",\"inLanguage\":\"en-US\",\"@id\":\"https:\\\/\\\/anno1911.de\\\/#\\\/schema\\\/logo\\\/image\\\/\",\"url\":\"https:\\\/\\\/anno1911.de\\\/wp-content\\\/uploads\\\/2023\\\/02\\\/Anno1911_Favicon.jpg\",\"contentUrl\":\"https:\\\/\\\/anno1911.de\\\/wp-content\\\/uploads\\\/2023\\\/02\\\/Anno1911_Favicon.jpg\",\"width\":300,\"height\":300,\"caption\":\"ANNO 1911\"},\"image\":{\"@id\":\"https:\\\/\\\/anno1911.de\\\/#\\\/schema\\\/logo\\\/image\\\/\"}}]}<\/script>\n<!-- \/ Yoast SEO plugin. -->","yoast_head_json":{"title":"Bath - ANNO 1911","robots":{"index":"index","follow":"follow","max-snippet":"max-snippet:-1","max-image-preview":"max-image-preview:large","max-video-preview":"max-video-preview:-1"},"canonical":"https:\/\/anno1911.de\/anno1911-ferienwohnung-mit-fachwerkcharme\/badezimmer","schema":{"@context":"https:\/\/schema.org","@graph":[{"@type":"WebPage","@id":"https:\/\/anno1911.de\/anno1911-ferienwohnung-mit-fachwerkcharme\/badezimmer","url":"https:\/\/anno1911.de\/anno1911-ferienwohnung-mit-fachwerkcharme\/badezimmer","name":"Bath - ANNO 1911","isPartOf":{"@id":"https:\/\/anno1911.de\/#website"},"primaryImageOfPage":{"@id":"https:\/\/anno1911.de\/anno1911-ferienwohnung-mit-fachwerkcharme\/badezimmer#primaryimage"},"image":{"@id":"https:\/\/anno1911.de\/anno1911-ferienwohnung-mit-fachwerkcharme\/badezimmer#primaryimage"},"thumbnailUrl":"https:\/\/anno1911.de\/wp-content\/uploads\/2023\/02\/DSC_5040_web-1024x686.jpg","datePublished":"2023-07-03T07:07:36+00:00","dateModified":"2024-12-24T14:50:11+00:00","description":"Das Badezimmer in unserer Ferienwohnung bietet viel Platz und mit Dusche, separater Badewanne und Waschmaschine jeden ben\u00f6tigen Kompfort","breadcrumb":{"@id":"https:\/\/anno1911.de\/anno1911-ferienwohnung-mit-fachwerkcharme\/badezimmer#breadcrumb"},"inLanguage":"en-US","potentialAction":[{"@type":"ReadAction","target":["https:\/\/anno1911.de\/anno1911-ferienwohnung-mit-fachwerkcharme\/badezimmer"]}]},{"@type":"ImageObject","inLanguage":"en-US","@id":"https:\/\/anno1911.de\/anno1911-ferienwohnung-mit-fachwerkcharme\/badezimmer#primaryimage","url":"https:\/\/anno1911.de\/wp-content\/uploads\/2023\/02\/DSC_5040_web-1024x686.jpg","contentUrl":"https:\/\/anno1911.de\/wp-content\/uploads\/2023\/02\/DSC_5040_web-1024x686.jpg"},{"@type":"BreadcrumbList","@id":"https:\/\/anno1911.de\/anno1911-ferienwohnung-mit-fachwerkcharme\/badezimmer#breadcrumb","itemListElement":[{"@type":"ListItem","position":1,"name":"Startseite","item":"https:\/\/anno1911.de\/"},{"@type":"ListItem","position":2,"name":"ANNO1911 &#8211; Ferienwohnung mit Fachwerkcharme","item":"https:\/\/anno1911.de\/"},{"@type":"ListItem","position":3,"name":"Badezimmer"}]},{"@type":"WebSite","@id":"https:\/\/anno1911.de\/#website","url":"https:\/\/anno1911.de\/","name":"ANNO 1911","description":"Cozy framework holiday flat","publisher":{"@id":"https:\/\/anno1911.de\/#organization"},"potentialAction":[{"@type":"SearchAction","target":{"@type":"EntryPoint","urlTemplate":"https:\/\/anno1911.de\/?s={search_term_string}"},"query-input":{"@type":"PropertyValueSpecification","valueRequired":true,"valueName":"search_term_string"}}],"inLanguage":"en-US"},{"@type":"Organization","@id":"https:\/\/anno1911.de\/#organization","name":"ANNO 1911","url":"https:\/\/anno1911.de\/","logo":{"@type":"ImageObject","inLanguage":"en-US","@id":"https:\/\/anno1911.de\/#\/schema\/logo\/image\/","url":"https:\/\/anno1911.de\/wp-content\/uploads\/2023\/02\/Anno1911_Favicon.jpg","contentUrl":"https:\/\/anno1911.de\/wp-content\/uploads\/2023\/02\/Anno1911_Favicon.jpg","width":300,"height":300,"caption":"ANNO 1911"},"image":{"@id":"https:\/\/anno1911.de\/#\/schema\/logo\/image\/"}}]}},"_links":{"self":[{"href":"https:\/\/anno1911.de\/en\/wp-json\/wp\/v2\/pages\/2166","targetHints":{"allow":["GET"]}}],"collection":[{"href":"https:\/\/anno1911.de\/en\/wp-json\/wp\/v2\/pages"}],"about":[{"href":"https:\/\/anno1911.de\/en\/wp-json\/wp\/v2\/types\/page"}],"author":[{"embeddable":true,"href":"https:\/\/anno1911.de\/en\/wp-json\/wp\/v2\/users\/1"}],"replies":[{"embeddable":true,"href":"https:\/\/anno1911.de\/en\/wp-json\/wp\/v2\/comments?post=2166"}],"version-history":[{"count":15,"href":"https:\/\/anno1911.de\/en\/wp-json\/wp\/v2\/pages\/2166\/revisions"}],"predecessor-version":[{"id":2518,"href":"https:\/\/anno1911.de\/en\/wp-json\/wp\/v2\/pages\/2166\/revisions\/2518"}],"up":[{"embeddable":true,"href":"https:\/\/anno1911.de\/en\/wp-json\/wp\/v2\/pages\/353"}],"wp:attachment":[{"href":"https:\/\/anno1911.de\/en\/wp-json\/wp\/v2\/media?parent=2166"}],"curies":[{"name":"wp","href":"https:\/\/api.w.org\/{rel}","templated":true}]}}